{"id":1786,"date":"2026-03-24T11:34:34","date_gmt":"2026-03-24T10:34:34","guid":{"rendered":"https:\/\/caminocreation.com\/?post_type=product&#038;p=1786"},"modified":"2026-03-24T11:50:46","modified_gmt":"2026-03-24T10:50:46","slug":"camisetas-unicas-de-camino-creations","status":"publish","type":"product","link":"https:\/\/caminocreation.com\/en\/product\/camisetas-unicas-de-camino-creations\/","title":{"rendered":"Camisetas \u00fanicas de Camino Creations"},"content":{"rendered":"<p>Descubre las camisetas \u00fanicas de Camino Creations. La versi\u00f3n full print envuelve tu torso en un vibrante estallido de color, mientras que la versi\u00f3n con panel destaca un s\u00edmbolo elegante en el pecho. Ambas son ligeras, c\u00f3modas y te conectan con la esencia del camino. Precio: 26 euros full print, 20 euros panel.<\/p>","protected":false},"excerpt":{"rendered":"<p>Camisetas originales de Camino Creations disponibles en versi\u00f3n full print o con dise\u00f1o en panel. Ligeras, c\u00f3modas y con un estilo \u00fanico, combinan arte y personalidad para acompa\u00f1arte en tu d\u00eda a d\u00eda con la esencia del camino.<\/p>","protected":false},"featured_media":1789,"template":"","meta":[],"product_brand":[],"product_cat":[15],"product_tag":[],"class_list":{"0":"post-1786","1":"product","2":"type-product","3":"status-publish","4":"has-post-thumbnail","6":"product_cat-productos-con-color","7":"description-off","9":"first","10":"instock","11":"featured","12":"taxable","13":"shipping-taxable","14":"purchasable","15":"product-type-variable"},"_links":{"self":[{"href":"https:\/\/caminocreation.com\/en\/wp-json\/wp\/v2\/product\/1786","targetHints":{"allow":["GET"]}}],"collection":[{"href":"https:\/\/caminocreation.com\/en\/wp-json\/wp\/v2\/product"}],"about":[{"href":"https:\/\/caminocreation.com\/en\/wp-json\/wp\/v2\/types\/product"}],"wp:featuredmedia":[{"embeddable":true,"href":"https:\/\/caminocreation.com\/en\/wp-json\/wp\/v2\/media\/1789"}],"wp:attachment":[{"href":"https:\/\/caminocreation.com\/en\/wp-json\/wp\/v2\/media?parent=1786"}],"wp:term":[{"taxonomy":"product_brand","embeddable":true,"href":"https:\/\/caminocreation.com\/en\/wp-json\/wp\/v2\/product_brand?post=1786"},{"taxonomy":"product_cat","embeddable":true,"href":"https:\/\/caminocreation.com\/en\/wp-json\/wp\/v2\/product_cat?post=1786"},{"taxonomy":"product_tag","embeddable":true,"href":"https:\/\/caminocreation.com\/en\/wp-json\/wp\/v2\/product_tag?post=1786"}],"curies":[{"name":"wp","href":"https:\/\/api.w.org\/{rel}","templated":true}]}}