{"id":1775,"date":"2026-03-16T10:51:14","date_gmt":"2026-03-16T09:51:14","guid":{"rendered":"https:\/\/caminocreation.com\/?post_type=product&#038;p=1775"},"modified":"2026-03-24T11:50:54","modified_gmt":"2026-03-24T10:50:54","slug":"sudaderas-unicas-de-camino-creations","status":"publish","type":"product","link":"https:\/\/caminocreation.com\/en\/product\/sudaderas-unicas-de-camino-creations\/","title":{"rendered":"Sudaderas \u00fanicas de Camino Creations"},"content":{"rendered":"<p>Descubre las sudaderas \u00fanicas de Camino Creations. Tanto en la versi\u00f3n full print como en la versi\u00f3n con un dise\u00f1o parcial, cada una lleva la magia del camino. La sudadera full print envuelve tu cuerpo en un torbellino de color, mientras que la versi\u00f3n parcial destaca un delicado emblema en el pecho. Ambas son suaves, c\u00e1lidas y te conectan con la esencia del viaje.<\/p>","protected":false},"excerpt":{"rendered":"<p>Sudaderas originales de Camino Creations disponibles en versi\u00f3n full print o con dise\u00f1o parcial. Suaves, c\u00e1lidas y llenas de simbolismo, combinan comodidad y arte para acompa\u00f1arte en tu d\u00eda a d\u00eda con la esencia del camino.<\/p>","protected":false},"featured_media":1782,"template":"","meta":[],"product_brand":[],"product_cat":[15],"product_tag":[],"class_list":{"0":"post-1775","1":"product","2":"type-product","3":"status-publish","4":"has-post-thumbnail","6":"product_cat-productos-con-color","7":"description-off","9":"first","10":"instock","11":"featured","12":"taxable","13":"shipping-taxable","14":"purchasable","15":"product-type-variable"},"_links":{"self":[{"href":"https:\/\/caminocreation.com\/en\/wp-json\/wp\/v2\/product\/1775","targetHints":{"allow":["GET"]}}],"collection":[{"href":"https:\/\/caminocreation.com\/en\/wp-json\/wp\/v2\/product"}],"about":[{"href":"https:\/\/caminocreation.com\/en\/wp-json\/wp\/v2\/types\/product"}],"wp:featuredmedia":[{"embeddable":true,"href":"https:\/\/caminocreation.com\/en\/wp-json\/wp\/v2\/media\/1782"}],"wp:attachment":[{"href":"https:\/\/caminocreation.com\/en\/wp-json\/wp\/v2\/media?parent=1775"}],"wp:term":[{"taxonomy":"product_brand","embeddable":true,"href":"https:\/\/caminocreation.com\/en\/wp-json\/wp\/v2\/product_brand?post=1775"},{"taxonomy":"product_cat","embeddable":true,"href":"https:\/\/caminocreation.com\/en\/wp-json\/wp\/v2\/product_cat?post=1775"},{"taxonomy":"product_tag","embeddable":true,"href":"https:\/\/caminocreation.com\/en\/wp-json\/wp\/v2\/product_tag?post=1775"}],"curies":[{"name":"wp","href":"https:\/\/api.w.org\/{rel}","templated":true}]}}