{"id":1772,"date":"2026-03-16T10:46:06","date_gmt":"2026-03-16T09:46:06","guid":{"rendered":"https:\/\/caminocreation.com\/?post_type=product&#038;p=1772"},"modified":"2026-03-24T11:51:02","modified_gmt":"2026-03-24T10:51:02","slug":"taza-unica-de-camino-creations","status":"publish","type":"product","link":"https:\/\/caminocreation.com\/en\/product\/taza-unica-de-camino-creations\/","title":{"rendered":"Taza \u00fanica de cer\u00e1mica de Camino Creations"},"content":{"rendered":"<p>Esta taza \u00fanica de Camino Creations es un s\u00edmbolo de la magia del camino y la conexi\u00f3n cu\u00e1ntica que nos une.<\/p>\n<p>Con un dise\u00f1o vibrante de una catedral sobre un mar de colores, cada detalle te envuelve en una red de posibilidades.<\/p>\n<p>Hecha de cer\u00e1mica de calidad, es un puente entre lo cotidiano y lo m\u00e1gico.<\/p>","protected":false},"excerpt":{"rendered":"<p>Taza original de Camino Creations con un vibrante dise\u00f1o art\u00edstico de una catedral sobre un mar de colores. Fabricada en cer\u00e1mica de calidad, combina arte, inspiraci\u00f3n y simbolismo para acompa\u00f1arte en tus momentos de caf\u00e9, t\u00e9 o reflexi\u00f3n diaria.<\/p>","protected":false},"featured_media":1773,"template":"","meta":[],"product_brand":[],"product_cat":[15],"product_tag":[],"class_list":{"0":"post-1772","1":"product","2":"type-product","3":"status-publish","4":"has-post-thumbnail","6":"product_cat-productos-con-color","7":"description-off","9":"first","10":"instock","11":"featured","12":"taxable","13":"shipping-taxable","14":"purchasable","15":"product-type-simple"},"_links":{"self":[{"href":"https:\/\/caminocreation.com\/en\/wp-json\/wp\/v2\/product\/1772","targetHints":{"allow":["GET"]}}],"collection":[{"href":"https:\/\/caminocreation.com\/en\/wp-json\/wp\/v2\/product"}],"about":[{"href":"https:\/\/caminocreation.com\/en\/wp-json\/wp\/v2\/types\/product"}],"wp:featuredmedia":[{"embeddable":true,"href":"https:\/\/caminocreation.com\/en\/wp-json\/wp\/v2\/media\/1773"}],"wp:attachment":[{"href":"https:\/\/caminocreation.com\/en\/wp-json\/wp\/v2\/media?parent=1772"}],"wp:term":[{"taxonomy":"product_brand","embeddable":true,"href":"https:\/\/caminocreation.com\/en\/wp-json\/wp\/v2\/product_brand?post=1772"},{"taxonomy":"product_cat","embeddable":true,"href":"https:\/\/caminocreation.com\/en\/wp-json\/wp\/v2\/product_cat?post=1772"},{"taxonomy":"product_tag","embeddable":true,"href":"https:\/\/caminocreation.com\/en\/wp-json\/wp\/v2\/product_tag?post=1772"}],"curies":[{"name":"wp","href":"https:\/\/api.w.org\/{rel}","templated":true}]}}