{"id":1769,"date":"2026-03-16T10:28:48","date_gmt":"2026-03-16T09:28:48","guid":{"rendered":"https:\/\/caminocreation.com\/?post_type=product&#038;p=1769"},"modified":"2026-03-24T11:51:11","modified_gmt":"2026-03-24T10:51:11","slug":"abanico-unico-de-camino-creations","status":"publish","type":"product","link":"https:\/\/caminocreation.com\/en\/product\/abanico-unico-de-camino-creations\/","title":{"rendered":"Unique fan by Camino Creations"},"content":{"rendered":"<p>Este abanico \u00fanico de Camino Creations lleva en sus alas la esencia del camino.<\/p>\n<p>Con un vibrante dise\u00f1o de una catedral surgiendo sobre un mar de colores, cada movimiento evoca un viaje, un suspiro y un sue\u00f1o. <\/p>\n<p>Ligero como el viento, es un compa\u00f1ero perfecto para tus pasos.<\/p>","protected":false},"excerpt":{"rendered":"<p>Abanico original de Camino Creations con un vibrante dise\u00f1o art\u00edstico de una catedral que emerge sobre un mar de colores. Ligero, elegante y lleno de simbolismo, es el complemento perfecto para acompa\u00f1arte en tus d\u00edas de calor con un toque de inspiraci\u00f3n y arte.<\/p>","protected":false},"featured_media":1770,"template":"","meta":[],"product_brand":[],"product_cat":[15],"product_tag":[],"class_list":{"0":"post-1769","1":"product","2":"type-product","3":"status-publish","4":"has-post-thumbnail","6":"product_cat-productos-con-color","7":"description-off","9":"first","10":"instock","11":"featured","12":"taxable","13":"shipping-taxable","14":"purchasable","15":"product-type-simple"},"_links":{"self":[{"href":"https:\/\/caminocreation.com\/en\/wp-json\/wp\/v2\/product\/1769","targetHints":{"allow":["GET"]}}],"collection":[{"href":"https:\/\/caminocreation.com\/en\/wp-json\/wp\/v2\/product"}],"about":[{"href":"https:\/\/caminocreation.com\/en\/wp-json\/wp\/v2\/types\/product"}],"wp:featuredmedia":[{"embeddable":true,"href":"https:\/\/caminocreation.com\/en\/wp-json\/wp\/v2\/media\/1770"}],"wp:attachment":[{"href":"https:\/\/caminocreation.com\/en\/wp-json\/wp\/v2\/media?parent=1769"}],"wp:term":[{"taxonomy":"product_brand","embeddable":true,"href":"https:\/\/caminocreation.com\/en\/wp-json\/wp\/v2\/product_brand?post=1769"},{"taxonomy":"product_cat","embeddable":true,"href":"https:\/\/caminocreation.com\/en\/wp-json\/wp\/v2\/product_cat?post=1769"},{"taxonomy":"product_tag","embeddable":true,"href":"https:\/\/caminocreation.com\/en\/wp-json\/wp\/v2\/product_tag?post=1769"}],"curies":[{"name":"wp","href":"https:\/\/api.w.org\/{rel}","templated":true}]}}