{"id":1762,"date":"2026-03-16T10:11:14","date_gmt":"2026-03-16T09:11:14","guid":{"rendered":"https:\/\/caminocreation.com\/?post_type=product&#038;p=1762"},"modified":"2026-03-24T11:51:20","modified_gmt":"2026-03-24T10:51:20","slug":"cuaderno-camino-creations","status":"publish","type":"product","link":"https:\/\/caminocreation.com\/en\/product\/cuaderno-camino-creations\/","title":{"rendered":"Unique and original Camino Creations notebook"},"content":{"rendered":"<p>Este cuaderno \u00fanico y original de Camino Creations captura la esencia de un viaje y un sue\u00f1o. <\/p>\n<p>Con una portada llena de color, representa una catedral sobre un mar ondulante. <\/p>\n<p>Perfecto para tus notas, bocetos o ideas diarias. <\/p>\n<p>Tapa dura, espiral y un dise\u00f1o inspirador<\/p>","protected":false},"excerpt":{"rendered":"<p>Cuaderno original de Camino Creations con un dise\u00f1o art\u00edstico lleno de color que representa una catedral sobre un mar ondulante, evocando la esencia de un viaje y un sue\u00f1o. Ideal para escribir notas, dibujar bocetos o recoger tus ideas del d\u00eda a d\u00eda. Un cuaderno inspirador que combina creatividad, estilo y funcionalidad.<\/p>","protected":false},"featured_media":1768,"template":"","meta":[],"product_brand":[],"product_cat":[15],"product_tag":[],"class_list":{"0":"post-1762","1":"product","2":"type-product","3":"status-publish","4":"has-post-thumbnail","6":"product_cat-productos-con-color","7":"description-off","9":"first","10":"instock","11":"featured","12":"taxable","13":"shipping-taxable","14":"purchasable","15":"product-type-simple"},"_links":{"self":[{"href":"https:\/\/caminocreation.com\/en\/wp-json\/wp\/v2\/product\/1762","targetHints":{"allow":["GET"]}}],"collection":[{"href":"https:\/\/caminocreation.com\/en\/wp-json\/wp\/v2\/product"}],"about":[{"href":"https:\/\/caminocreation.com\/en\/wp-json\/wp\/v2\/types\/product"}],"wp:featuredmedia":[{"embeddable":true,"href":"https:\/\/caminocreation.com\/en\/wp-json\/wp\/v2\/media\/1768"}],"wp:attachment":[{"href":"https:\/\/caminocreation.com\/en\/wp-json\/wp\/v2\/media?parent=1762"}],"wp:term":[{"taxonomy":"product_brand","embeddable":true,"href":"https:\/\/caminocreation.com\/en\/wp-json\/wp\/v2\/product_brand?post=1762"},{"taxonomy":"product_cat","embeddable":true,"href":"https:\/\/caminocreation.com\/en\/wp-json\/wp\/v2\/product_cat?post=1762"},{"taxonomy":"product_tag","embeddable":true,"href":"https:\/\/caminocreation.com\/en\/wp-json\/wp\/v2\/product_tag?post=1762"}],"curies":[{"name":"wp","href":"https:\/\/api.w.org\/{rel}","templated":true}]}}